{"id":107,"date":"2019-01-02T18:23:15","date_gmt":"2019-01-02T18:23:15","guid":{"rendered":"https:\/\/www.judith-bewegt.ch\/?page_id=107"},"modified":"2022-07-09T15:22:23","modified_gmt":"2022-07-09T15:22:23","slug":"uber-mich","status":"publish","type":"page","link":"https:\/\/www.judith-bewegt.ch\/?page_id=107","title":{"rendered":"\u00dcber mich"},"content":{"rendered":"\n<p>Als Bewegungsmensch freue ich mich, wenn ich Sie (wieder) in Bewegung bringen darf.<\/p>\n\n\n\n<table class=\"wp-block-table\"><tbody>\n<tr><td nowrap=\"\" valign=\"top\">Seit 2022<\/td><td style=\"word-break: normal\">Faszientherapeutin in Ausbildung<\/td>\n<tr><td nowrap=\"\" valign=\"top\">Seit 2021<\/td><td style=\"word-break: normal\">Akupunkturmassage-Therapeutin<\/td>\n<tr><td nowrap=\"\" valign=\"top\">Seit 2018<\/td><td style=\"word-break: normal\">Medizinische Masseurin EFA (eidgen\u00f6ssischer Fachausweis)<\/td>\n<\/tr><tr><td nowrap=\"\" valign=\"top\">Seit 2016<\/td><td style=\"word-break: normal\">Selbst\u00e4ndig f\u00fcr Klassische und Fussreflexzonen-Masssage<\/td><\/tr>\n<tr><td nowrap=\"\" valign=\"top\">Seit 2010<\/td><td style=\"word-break: normal\">Deutsch f\u00fcr Migranten in der Gemeinde Baar<\/td><\/tr>\n<tr><td nowrap=\"\" valign=\"top\">1993 bis 2014<\/td><td style=\"word-break: normal\">Turn- und Sportlehrerin und Sekundarlehrerin f\u00fcr Deutsch, Franz\u00f6sisch und Englisch<\/td><\/tr>\n<\/tbody><\/table>\n\n\n\n<figure class=\"wp-block-image\"><img decoding=\"async\" loading=\"lazy\" width=\"500\" height=\"513\" src=\"https:\/\/www.judith-bewegt.ch\/wp-content\/uploads\/2019\/05\/Judith_Jarosch_PS.png\" alt=\"\" class=\"wp-image-140\" srcset=\"https:\/\/www.judith-bewegt.ch\/wp-content\/uploads\/2019\/05\/Judith_Jarosch_PS.png 500w, https:\/\/www.judith-bewegt.ch\/wp-content\/uploads\/2019\/05\/Judith_Jarosch_PS-292x300.png 292w\" sizes=\"(max-width: 500px) 100vw, 500px\" \/><\/figure>\n","protected":false},"excerpt":{"rendered":"<p>Als Bewegungsmensch freue ich mich, wenn ich Sie (wieder) in Bewegung bringen darf. Seit 2022 Faszientherapeutin in Ausbildung Seit 2021 Akupunkturmassage-Therapeutin Seit 2018 Medizinische Masseurin EFA (eidgen\u00f6ssischer Fachausweis) Seit 2016 Selbst\u00e4ndig f\u00fcr Klassische und Fussreflexzonen-Masssage Seit 2010 Deutsch f\u00fcr Migranten in der Gemeinde Baar 1993 bis 2014 Turn- und Sportlehrerin und Sekundarlehrerin f\u00fcr Deutsch, Franz\u00f6sisch &hellip; <\/p>\n<p class=\"link-more\"><a href=\"https:\/\/www.judith-bewegt.ch\/?page_id=107\" class=\"more-link\"><span class=\"screen-reader-text\">&#171;\u00dcber mich&#187;<\/span> weiterlesen<\/a><\/p>\n","protected":false},"author":1,"featured_media":0,"parent":0,"menu_order":0,"comment_status":"closed","ping_status":"closed","template":"","meta":[],"_links":{"self":[{"href":"https:\/\/www.judith-bewegt.ch\/index.php?rest_route=\/wp\/v2\/pages\/107"}],"collection":[{"href":"https:\/\/www.judith-bewegt.ch\/index.php?rest_route=\/wp\/v2\/pages"}],"about":[{"href":"https:\/\/www.judith-bewegt.ch\/index.php?rest_route=\/wp\/v2\/types\/page"}],"author":[{"embeddable":true,"href":"https:\/\/www.judith-bewegt.ch\/index.php?rest_route=\/wp\/v2\/users\/1"}],"replies":[{"embeddable":true,"href":"https:\/\/www.judith-bewegt.ch\/index.php?rest_route=%2Fwp%2Fv2%2Fcomments&post=107"}],"version-history":[{"count":15,"href":"https:\/\/www.judith-bewegt.ch\/index.php?rest_route=\/wp\/v2\/pages\/107\/revisions"}],"predecessor-version":[{"id":179,"href":"https:\/\/www.judith-bewegt.ch\/index.php?rest_route=\/wp\/v2\/pages\/107\/revisions\/179"}],"wp:attachment":[{"href":"https:\/\/www.judith-bewegt.ch\/index.php?rest_route=%2Fwp%2Fv2%2Fmedia&parent=107"}],"curies":[{"name":"wp","href":"https:\/\/api.w.org\/{rel}","templated":true}]}}