{"id":45,"date":"2019-01-02T13:52:32","date_gmt":"2019-01-02T13:52:32","guid":{"rendered":"https:\/\/www.judith-bewegt.ch\/?page_id=45"},"modified":"2019-05-05T18:42:03","modified_gmt":"2019-05-05T18:42:03","slug":"home","status":"publish","type":"page","link":"https:\/\/www.judith-bewegt.ch\/","title":{"rendered":"Home"},"content":{"rendered":"\n<p><strong>Suchen Sie Erholung und Entspannung oder haben Sie Schmerzen aufgrund einer Verletzung, Krankheit oder Operation?\ufeff<\/strong><\/p>\n\n\n\n<p>G\u00f6nnen Sie sich eine wohltuende klassische Massage oder lassen Sie Ihre Beschwerden durch mein therapeutisches Wirken lindern. Tanken Sie so Energie und finden Sie Ihre innere Balance, damit Sie sich (wieder) unbeschwert bewegen k\u00f6nnen.<\/p>\n\n\n\n<p>Mit den folgenden Methoden der medizinischen Massage unterst\u00fctze ich Ihren Genesungsprozess:<\/p>\n\n\n\n<ul><li> Klassische Massage: vor allem bei Bewegungseinschr\u00e4nkungen<\/li><li> Manuelle Lymphdrainage: vor allem bei Schwellungen, z.B. nach Operationen oder bei Krampfadern<\/li><li>Bindegewebsmassage: vor allem bei hormonellen St\u00f6rungen, Sensibilit\u00e4tsst\u00f6rungen, L\u00e4hmungen, Migr\u00e4ne<\/li><li>Fussreflexzonenmassage: vor allem bei Dysbalance von inneren Organen<\/li><\/ul>\n\n\n\n<p>Alle Methoden wirken auch durchblutungsf\u00f6rdernd und beg\u00fcnstigen den N\u00e4hrstoff- und Sauerstoffaustausch.<\/p>\n","protected":false},"excerpt":{"rendered":"<p>Suchen Sie Erholung und Entspannung oder haben Sie Schmerzen aufgrund einer Verletzung, Krankheit oder Operation?\ufeff G\u00f6nnen Sie sich eine wohltuende klassische Massage oder lassen Sie Ihre Beschwerden durch mein therapeutisches Wirken lindern. Tanken Sie so Energie und finden Sie Ihre innere Balance, damit Sie sich (wieder) unbeschwert bewegen k\u00f6nnen. Mit den folgenden Methoden der medizinischen &hellip; <\/p>\n<p class=\"link-more\"><a href=\"https:\/\/www.judith-bewegt.ch\/\" class=\"more-link\"><span class=\"screen-reader-text\">&#171;Home&#187;<\/span> weiterlesen<\/a><\/p>\n","protected":false},"author":1,"featured_media":0,"parent":0,"menu_order":0,"comment_status":"closed","ping_status":"closed","template":"","meta":[],"_links":{"self":[{"href":"https:\/\/www.judith-bewegt.ch\/index.php?rest_route=\/wp\/v2\/pages\/45"}],"collection":[{"href":"https:\/\/www.judith-bewegt.ch\/index.php?rest_route=\/wp\/v2\/pages"}],"about":[{"href":"https:\/\/www.judith-bewegt.ch\/index.php?rest_route=\/wp\/v2\/types\/page"}],"author":[{"embeddable":true,"href":"https:\/\/www.judith-bewegt.ch\/index.php?rest_route=\/wp\/v2\/users\/1"}],"replies":[{"embeddable":true,"href":"https:\/\/www.judith-bewegt.ch\/index.php?rest_route=%2Fwp%2Fv2%2Fcomments&post=45"}],"version-history":[{"count":7,"href":"https:\/\/www.judith-bewegt.ch\/index.php?rest_route=\/wp\/v2\/pages\/45\/revisions"}],"predecessor-version":[{"id":143,"href":"https:\/\/www.judith-bewegt.ch\/index.php?rest_route=\/wp\/v2\/pages\/45\/revisions\/143"}],"wp:attachment":[{"href":"https:\/\/www.judith-bewegt.ch\/index.php?rest_route=%2Fwp%2Fv2%2Fmedia&parent=45"}],"curies":[{"name":"wp","href":"https:\/\/api.w.org\/{rel}","templated":true}]}}